{"id":560,"date":"2026-01-22T14:51:07","date_gmt":"2026-01-22T12:51:07","guid":{"rendered":"https:\/\/aurelium-germany.com\/?page_id=560"},"modified":"2026-02-07T13:50:47","modified_gmt":"2026-02-07T11:50:47","slug":"waralaba","status":"publish","type":"page","link":"https:\/\/aureliumgermany.com\/id\/franchise\/","title":{"rendered":"waralaba"},"content":{"rendered":"<section class=\"bde-section-560-131 bde-section\">\n  \n  \n\t\n\n\n\n<div class=\"section-container\"><h1 class=\"bde-heading-560-183 bde-heading\">\nWaralaba dengan Aurelium Jerman\n<\/h1><\/div>\n<\/section><section class=\"bde-section-560-100 bde-section\">\n  \n  \n\t\n\n\n\n<div class=\"section-container\"><div class=\"bde-div-560-103 bde-div\">\n  \n  \n\t\n\n\n\n<div class=\"bde-rich-text-560-102 bde-rich-text breakdance-rich-text-styles\">\n<h3 data-start=\"367\" data-end=\"437\"><strong data-start=\"371\" data-end=\"437\">Tumbuh bersama \u2013 sebagai mitra waralaba Aurelium Jerman<\/strong><\/h3><p data-start=\"439\" data-end=\"751\" class=\"translation-block\">Kekurangan tenaga kerja terampil di Jerman terus meningkat \u2013 terutama di bidang keperawatan, kerajinan tangan, gastronomi, dan industri.<br data-start=\"548\" data-end=\"551\"> <strong data-start=\"551\" data-end=\"571\">Aurelium Germany<\/strong> menawarkan Anda kesempatan untuk menjadi bagian dari model bisnis yang berorientasi masa depan sebagai <strong data-start=\"606\" data-end=\"627\">mitra waralaba<\/strong> dan untuk berpartisipasi aktif dalam perekrutan spesialis internasional.<\/p><p data-start=\"753\" data-end=\"839\">Dapatkan keuntungan dari konsep yang telah terbukti, proses yang jelas, dan merek yang kuat.<\/p>\n<\/div>\n<\/div><\/div>\n<\/section><section id=\"branchen\" class=\"bde-section-560-104 bde-section\">\n  \n  \n\t\n\n\n\n<div class=\"section-container\"><div class=\"bde-columns-560-113 bde-columns\"><div class=\"bde-column-560-114 bde-column\">\n  \n  \n\t\n\n\n\n<div class=\"bde-image-560-115 bde-image\">\n<figure class=\"breakdance-image breakdance-image--516\">\n\t<div class=\"breakdance-image-container\">\n\t\t<div class=\"breakdance-image-clip\"><img loading=\"lazy\" decoding=\"async\" class=\"breakdance-image-object\" src=\"https:\/\/aureliumgermany.com\/wp-content\/uploads\/2026\/01\/warum-deutschland.png\" width=\"1536\" height=\"1024\" srcset=\"https:\/\/aureliumgermany.com\/wp-content\/uploads\/2026\/01\/warum-deutschland.png 1536w, https:\/\/aureliumgermany.com\/wp-content\/uploads\/2026\/01\/warum-deutschland-300x200.png 300w, https:\/\/aureliumgermany.com\/wp-content\/uploads\/2026\/01\/warum-deutschland-1024x683.png 1024w, https:\/\/aureliumgermany.com\/wp-content\/uploads\/2026\/01\/warum-deutschland-768x512.png 768w, https:\/\/aureliumgermany.com\/wp-content\/uploads\/2026\/01\/warum-deutschland-18x12.png 18w\" sizes=\"auto, (max-width: 1536px) 100vw, 1536px\"><\/div>\n\t<\/div><\/figure>\n\n<\/div>\n<\/div><div class=\"bde-column-560-116 bde-column\" data-entrance=\"slideRight\">\n  \n  \n\t\n\n\n\n<h2 class=\"bde-heading-560-145 bde-heading\">\nMengapa memilih franchise dengan Aurelium Germany?\n<\/h2><div class=\"bde-icon-list-560-119 bde-icon-list\">\n<ul>\n  \n              \n    <li>\n              <div class='bde-icon-list__item-wrapper'>\n      \n      <span class='bde-icon-list__icon'>\n        <svg xmlns=\"http:\/\/www.w3.org\/2000\/svg\" viewbox=\"0 0 448 512\"><!--! Font Awesome Free 6.5.1 by @fontawesome - https:\/\/fontawesome.com License - https:\/\/fontawesome.com\/license\/free (Icons: CC BY 4.0, Fonts: SIL OFL 1.1, Code: MIT License) Copyright 2023 Fonticons, Inc. --><path d=\"M438.6 105.4c12.5 12.5 12.5 32.8 0 45.3l-256 256c-12.5 12.5-32.8 12.5-45.3 0l-128-128c-12.5-12.5-12.5-32.8 0-45.3s32.8-12.5 45.3 0L160 338.7 393.4 105.4c12.5-12.5 32.8-12.5 45.3 0z\"\/><\/svg>\n      <\/span>\n      <span class='bde-icon-list__text' >\n      Pasar yang berkembang pesat\n      <\/span>\n              <\/div>\n      \n    <\/li>\n\n  \n              \n    <li>\n              <div class='bde-icon-list__item-wrapper'>\n      \n      <span class='bde-icon-list__icon'>\n        <svg xmlns=\"http:\/\/www.w3.org\/2000\/svg\" viewbox=\"0 0 448 512\"><!--! Font Awesome Free 6.5.1 by @fontawesome - https:\/\/fontawesome.com License - https:\/\/fontawesome.com\/license\/free (Icons: CC BY 4.0, Fonts: SIL OFL 1.1, Code: MIT License) Copyright 2023 Fonticons, Inc. --><path d=\"M438.6 105.4c12.5 12.5 12.5 32.8 0 45.3l-256 256c-12.5 12.5-32.8 12.5-45.3 0l-128-128c-12.5-12.5-12.5-32.8 0-45.3s32.8-12.5 45.3 0L160 338.7 393.4 105.4c12.5-12.5 32.8-12.5 45.3 0z\"\/><\/svg>\n      <\/span>\n      <span class='bde-icon-list__text' >\n      Tuntutan yang jelas dari para pemberi kerja\n      <\/span>\n              <\/div>\n      \n    <\/li>\n\n  \n              \n    <li>\n              <div class='bde-icon-list__item-wrapper'>\n      \n      <span class='bde-icon-list__icon'>\n        <svg xmlns=\"http:\/\/www.w3.org\/2000\/svg\" viewbox=\"0 0 448 512\"><!--! Font Awesome Free 6.5.1 by @fontawesome - https:\/\/fontawesome.com License - https:\/\/fontawesome.com\/license\/free (Icons: CC BY 4.0, Fonts: SIL OFL 1.1, Code: MIT License) Copyright 2023 Fonticons, Inc. --><path d=\"M438.6 105.4c12.5 12.5 12.5 32.8 0 45.3l-256 256c-12.5 12.5-32.8 12.5-45.3 0l-128-128c-12.5-12.5-12.5-32.8 0-45.3s32.8-12.5 45.3 0L160 338.7 393.4 105.4c12.5-12.5 32.8-12.5 45.3 0z\"\/><\/svg>\n      <\/span>\n      <span class='bde-icon-list__text' >\n      Konsep mediasi yang terbukti\n      <\/span>\n              <\/div>\n      \n    <\/li>\n\n  \n              \n    <li>\n              <div class='bde-icon-list__item-wrapper'>\n      \n      <span class='bde-icon-list__icon'>\n        <svg xmlns=\"http:\/\/www.w3.org\/2000\/svg\" viewbox=\"0 0 448 512\"><!--! Font Awesome Free 6.5.1 by @fontawesome - https:\/\/fontawesome.com License - https:\/\/fontawesome.com\/license\/free (Icons: CC BY 4.0, Fonts: SIL OFL 1.1, Code: MIT License) Copyright 2023 Fonticons, Inc. --><path d=\"M438.6 105.4c12.5 12.5 12.5 32.8 0 45.3l-256 256c-12.5 12.5-32.8 12.5-45.3 0l-128-128c-12.5-12.5-12.5-32.8 0-45.3s32.8-12.5 45.3 0L160 338.7 393.4 105.4c12.5-12.5 32.8-12.5 45.3 0z\"\/><\/svg>\n      <\/span>\n      <span class='bde-icon-list__text' >\n      Dukungan dan keahlian pusat\n      <\/span>\n              <\/div>\n      \n    <\/li>\n\n  \n              \n    <li>\n              <div class='bde-icon-list__item-wrapper'>\n      \n      <span class='bde-icon-list__icon'>\n        <svg xmlns=\"http:\/\/www.w3.org\/2000\/svg\" viewbox=\"0 0 448 512\"><!--! Font Awesome Free 6.5.1 by @fontawesome - https:\/\/fontawesome.com License - https:\/\/fontawesome.com\/license\/free (Icons: CC BY 4.0, Fonts: SIL OFL 1.1, Code: MIT License) Copyright 2023 Fonticons, Inc. --><path d=\"M438.6 105.4c12.5 12.5 12.5 32.8 0 45.3l-256 256c-12.5 12.5-32.8 12.5-45.3 0l-128-128c-12.5-12.5-12.5-32.8 0-45.3s32.8-12.5 45.3 0L160 338.7 393.4 105.4c12.5-12.5 32.8-12.5 45.3 0z\"\/><\/svg>\n      <\/span>\n      <span class='bde-icon-list__text' >\n      Kerja sama yang adil dan transparan\n      <\/span>\n              <\/div>\n      \n    <\/li>\n\n  \n              \n    <li>\n              <div class='bde-icon-list__item-wrapper'>\n      \n      <span class='bde-icon-list__icon'>\n        <svg xmlns=\"http:\/\/www.w3.org\/2000\/svg\" viewbox=\"0 0 448 512\"><!--! Font Awesome Free 6.5.1 by @fontawesome - https:\/\/fontawesome.com License - https:\/\/fontawesome.com\/license\/free (Icons: CC BY 4.0, Fonts: SIL OFL 1.1, Code: MIT License) Copyright 2023 Fonticons, Inc. --><path d=\"M438.6 105.4c12.5 12.5 12.5 32.8 0 45.3l-256 256c-12.5 12.5-32.8 12.5-45.3 0l-128-128c-12.5-12.5-12.5-32.8 0-45.3s32.8-12.5 45.3 0L160 338.7 393.4 105.4c12.5-12.5 32.8-12.5 45.3 0z\"\/><\/svg>\n      <\/span>\n      <span class='bde-icon-list__text' >\n      Pekerjaan bermakna dengan nilai tambah sosial.\n      <\/span>\n              <\/div>\n      \n    <\/li>\n\n  <\/ul>\n\n<\/div><div class=\"bde-rich-text-560-130 bde-rich-text breakdance-rich-text-styles\">\n<p class=\"translation-block\">Mereka berfokus pada <strong>akuisisi, konsultasi, dan dukungan regional<\/strong> \u2013 kami menyediakan struktur, proses, dan dukungan.<\/p>\n<\/div>\n<\/div><\/div><\/div>\n<\/section><section class=\"bde-section-560-132 bde-section\">\n  \n  \n\t\n\n\n\n<div class=\"section-container\"><div class=\"bde-div-560-146 bde-div\">\n  \n  \n\t\n\n\n\n<h2 class=\"bde-heading-560-117 bde-heading\">\nApa yang kami tawarkan kepada Anda\n<\/h2>\n<\/div><div class=\"bde-grid-560-133 bde-grid\">\n  \n  \n\t\n\n\n\n<div class=\"bde-div-560-134 bde-div\">\n  \n  \n\t\n\n\n\n<h3 class=\"bde-heading-560-137 bde-heading\">\nFondasi yang kuat\n<\/h3><div class=\"bde-icon-list-560-138 bde-icon-list\">\n<ul>\n  \n              \n    <li>\n              <div class='bde-icon-list__item-wrapper'>\n      \n      <span class='bde-icon-list__icon'>\n        <svg xmlns=\"http:\/\/www.w3.org\/2000\/svg\" viewbox=\"0 0 448 512\"><!--! Font Awesome Free 6.5.1 by @fontawesome - https:\/\/fontawesome.com License - https:\/\/fontawesome.com\/license\/free (Icons: CC BY 4.0, Fonts: SIL OFL 1.1, Code: MIT License) Copyright 2023 Fonticons, Inc. --><path d=\"M438.6 105.4c12.5 12.5 12.5 32.8 0 45.3l-256 256c-12.5 12.5-32.8 12.5-45.3 0l-128-128c-12.5-12.5-12.5-32.8 0-45.3s32.8-12.5 45.3 0L160 338.7 393.4 105.4c12.5-12.5 32.8-12.5 45.3 0z\"\/><\/svg>\n      <\/span>\n      <span class='bde-icon-list__text' >\n      Model mediasi yang terbukti\n      <\/span>\n              <\/div>\n      \n    <\/li>\n\n  \n              \n    <li>\n              <div class='bde-icon-list__item-wrapper'>\n      \n      <span class='bde-icon-list__icon'>\n        <svg xmlns=\"http:\/\/www.w3.org\/2000\/svg\" viewbox=\"0 0 448 512\"><!--! Font Awesome Free 6.5.1 by @fontawesome - https:\/\/fontawesome.com License - https:\/\/fontawesome.com\/license\/free (Icons: CC BY 4.0, Fonts: SIL OFL 1.1, Code: MIT License) Copyright 2023 Fonticons, Inc. --><path d=\"M438.6 105.4c12.5 12.5 12.5 32.8 0 45.3l-256 256c-12.5 12.5-32.8 12.5-45.3 0l-128-128c-12.5-12.5-12.5-32.8 0-45.3s32.8-12.5 45.3 0L160 338.7 393.4 105.4c12.5-12.5 32.8-12.5 45.3 0z\"\/><\/svg>\n      <\/span>\n      <span class='bde-icon-list__text' >\n      Proses &amp; standar yang jelas\n      <\/span>\n              <\/div>\n      \n    <\/li>\n\n  \n              \n    <li>\n              <div class='bde-icon-list__item-wrapper'>\n      \n      <span class='bde-icon-list__icon'>\n        <svg xmlns=\"http:\/\/www.w3.org\/2000\/svg\" viewbox=\"0 0 448 512\"><!--! Font Awesome Free 6.5.1 by @fontawesome - https:\/\/fontawesome.com License - https:\/\/fontawesome.com\/license\/free (Icons: CC BY 4.0, Fonts: SIL OFL 1.1, Code: MIT License) Copyright 2023 Fonticons, Inc. --><path d=\"M438.6 105.4c12.5 12.5 12.5 32.8 0 45.3l-256 256c-12.5 12.5-32.8 12.5-45.3 0l-128-128c-12.5-12.5-12.5-32.8 0-45.3s32.8-12.5 45.3 0L160 338.7 393.4 105.4c12.5-12.5 32.8-12.5 45.3 0z\"\/><\/svg>\n      <\/span>\n      <span class='bde-icon-list__text' >\n      Proses yang terstruktur secara hukum\n      <\/span>\n              <\/div>\n      \n    <\/li>\n\n  <\/ul>\n\n<\/div>\n<\/div><div class=\"bde-div-560-139 bde-div\">\n  \n  \n\t\n\n\n\n<h3 class=\"bde-heading-560-140 bde-heading\">\nDukungan pusat\n<\/h3><div class=\"bde-icon-list-560-141 bde-icon-list\">\n<ul>\n  \n              \n    <li>\n              <div class='bde-icon-list__item-wrapper'>\n      \n      <span class='bde-icon-list__icon'>\n        <svg xmlns=\"http:\/\/www.w3.org\/2000\/svg\" viewbox=\"0 0 448 512\"><!--! Font Awesome Free 6.5.1 by @fontawesome - https:\/\/fontawesome.com License - https:\/\/fontawesome.com\/license\/free (Icons: CC BY 4.0, Fonts: SIL OFL 1.1, Code: MIT License) Copyright 2023 Fonticons, Inc. --><path d=\"M438.6 105.4c12.5 12.5 12.5 32.8 0 45.3l-256 256c-12.5 12.5-32.8 12.5-45.3 0l-128-128c-12.5-12.5-12.5-32.8 0-45.3s32.8-12.5 45.3 0L160 338.7 393.4 105.4c12.5-12.5 32.8-12.5 45.3 0z\"\/><\/svg>\n      <\/span>\n      <span class='bde-icon-list__text' >\n      Pelatihan &amp; Orientasi\n      <\/span>\n              <\/div>\n      \n    <\/li>\n\n  \n              \n    <li>\n              <div class='bde-icon-list__item-wrapper'>\n      \n      <span class='bde-icon-list__icon'>\n        <svg xmlns=\"http:\/\/www.w3.org\/2000\/svg\" viewbox=\"0 0 448 512\"><!--! Font Awesome Free 6.5.1 by @fontawesome - https:\/\/fontawesome.com License - https:\/\/fontawesome.com\/license\/free (Icons: CC BY 4.0, Fonts: SIL OFL 1.1, Code: MIT License) Copyright 2023 Fonticons, Inc. --><path d=\"M438.6 105.4c12.5 12.5 12.5 32.8 0 45.3l-256 256c-12.5 12.5-32.8 12.5-45.3 0l-128-128c-12.5-12.5-12.5-32.8 0-45.3s32.8-12.5 45.3 0L160 338.7 393.4 105.4c12.5-12.5 32.8-12.5 45.3 0z\"\/><\/svg>\n      <\/span>\n      <span class='bde-icon-list__text' >\n      Materi Pemasaran &amp; Penjualan\n      <\/span>\n              <\/div>\n      \n    <\/li>\n\n  \n              \n    <li>\n              <div class='bde-icon-list__item-wrapper'>\n      \n      <span class='bde-icon-list__icon'>\n        <svg xmlns=\"http:\/\/www.w3.org\/2000\/svg\" viewbox=\"0 0 448 512\"><!--! Font Awesome Free 6.5.1 by @fontawesome - https:\/\/fontawesome.com License - https:\/\/fontawesome.com\/license\/free (Icons: CC BY 4.0, Fonts: SIL OFL 1.1, Code: MIT License) Copyright 2023 Fonticons, Inc. --><path d=\"M438.6 105.4c12.5 12.5 12.5 32.8 0 45.3l-256 256c-12.5 12.5-32.8 12.5-45.3 0l-128-128c-12.5-12.5-12.5-32.8 0-45.3s32.8-12.5 45.3 0L160 338.7 393.4 105.4c12.5-12.5 32.8-12.5 45.3 0z\"\/><\/svg>\n      <\/span>\n      <span class='bde-icon-list__text' >\n      Dukungan profesional dalam kasus-kasus kompleks.\n      <\/span>\n              <\/div>\n      \n    <\/li>\n\n  \n              \n    <li>\n              <div class='bde-icon-list__item-wrapper'>\n      \n      <span class='bde-icon-list__icon'>\n        <svg xmlns=\"http:\/\/www.w3.org\/2000\/svg\" viewbox=\"0 0 448 512\"><!--! Font Awesome Free 6.5.1 by @fontawesome - https:\/\/fontawesome.com License - https:\/\/fontawesome.com\/license\/free (Icons: CC BY 4.0, Fonts: SIL OFL 1.1, Code: MIT License) Copyright 2023 Fonticons, Inc. --><path d=\"M438.6 105.4c12.5 12.5 12.5 32.8 0 45.3l-256 256c-12.5 12.5-32.8 12.5-45.3 0l-128-128c-12.5-12.5-12.5-32.8 0-45.3s32.8-12.5 45.3 0L160 338.7 393.4 105.4c12.5-12.5 32.8-12.5 45.3 0z\"\/><\/svg>\n      <\/span>\n      <span class='bde-icon-list__text' >\n      Koordinasi pusat proses internasional\n      <\/span>\n              <\/div>\n      \n    <\/li>\n\n  <\/ul>\n\n<\/div>\n<\/div><div class=\"bde-div-560-142 bde-div\">\n  \n  \n\t\n\n\n\n<h3 class=\"bde-heading-560-143 bde-heading\">\nMerek &amp; Kepercayaan\n<\/h3><div class=\"bde-icon-list-560-144 bde-icon-list\">\n<ul>\n  \n              \n    <li>\n              <div class='bde-icon-list__item-wrapper'>\n      \n      <span class='bde-icon-list__icon'>\n        <svg xmlns=\"http:\/\/www.w3.org\/2000\/svg\" viewbox=\"0 0 448 512\"><!--! Font Awesome Free 6.5.1 by @fontawesome - https:\/\/fontawesome.com License - https:\/\/fontawesome.com\/license\/free (Icons: CC BY 4.0, Fonts: SIL OFL 1.1, Code: MIT License) Copyright 2023 Fonticons, Inc. --><path d=\"M438.6 105.4c12.5 12.5 12.5 32.8 0 45.3l-256 256c-12.5 12.5-32.8 12.5-45.3 0l-128-128c-12.5-12.5-12.5-32.8 0-45.3s32.8-12.5 45.3 0L160 338.7 393.4 105.4c12.5-12.5 32.8-12.5 45.3 0z\"\/><\/svg>\n      <\/span>\n      <span class='bde-icon-list__text' >\n      Penggunaan merek Aurelium Jerman\n      <\/span>\n              <\/div>\n      \n    <\/li>\n\n  \n              \n    <li>\n              <div class='bde-icon-list__item-wrapper'>\n      \n      <span class='bde-icon-list__icon'>\n        <svg xmlns=\"http:\/\/www.w3.org\/2000\/svg\" viewbox=\"0 0 448 512\"><!--! Font Awesome Free 6.5.1 by @fontawesome - https:\/\/fontawesome.com License - https:\/\/fontawesome.com\/license\/free (Icons: CC BY 4.0, Fonts: SIL OFL 1.1, Code: MIT License) Copyright 2023 Fonticons, Inc. --><path d=\"M438.6 105.4c12.5 12.5 12.5 32.8 0 45.3l-256 256c-12.5 12.5-32.8 12.5-45.3 0l-128-128c-12.5-12.5-12.5-32.8 0-45.3s32.8-12.5 45.3 0L160 338.7 393.4 105.4c12.5-12.5 32.8-12.5 45.3 0z\"\/><\/svg>\n      <\/span>\n      <span class='bde-icon-list__text' >\n      Profesionalisme terhadap perusahaan &amp; pekerja terampil\n      <\/span>\n              <\/div>\n      \n    <\/li>\n\n  <\/ul>\n\n<\/div>\n<\/div>\n<\/div><\/div>\n<\/section><section id=\"sales\" class=\"bde-section-560-165 bde-section\">\n  \n  \n\t\n\n\n\n<div class=\"section-container\"><div class=\"bde-div-560-166 bde-div\">\n  \n  \n\t\n\n\n\n<h2 class=\"bde-heading-560-167 bde-heading\">\nKami ada di sini untuk Anda. Bersifat pribadi &amp; tidak mengikat\n<\/h2><div class=\"bde-text-560-168 bde-text\">\nApakah Anda memiliki pertanyaan atau tidak yakin penawaran mana yang paling cocok untuk Anda? Tim kami akan dengan senang hati membantu Anda - melalui email atau telepon. Hubungi kami sekarang!\n<\/div>\n<\/div><h2 class=\"bde-heading-560-169 bde-heading\">\nBergabunglah sebagai mitra waralaba sekarang juga!\n<\/h2><p class=\"bde-text-560-170 bde-text\">\n\n<\/p><div class=\"bde-columns-560-171 bde-columns\"><div class=\"bde-column-560-172 bde-column\">\n  \n  \n\t\n\n\n\n<div class=\"bde-div-560-173 bde-div\" data-entrance=\"slideLeft\">\n  \n  \n\t\n\n\n\n<img decoding=\"async\" class=\"bde-image2-560-184 bde-image2\" src=\"https:\/\/aureliumgermany.com\/wp-content\/uploads\/2026\/02\/PHOTO-2025-10-19-11-27-29.webp\" loading=\"lazy\" srcset=\"https:\/\/aureliumgermany.com\/wp-content\/uploads\/2026\/02\/PHOTO-2025-10-19-11-27-29.webp 750w, https:\/\/aureliumgermany.com\/wp-content\/uploads\/2026\/02\/PHOTO-2025-10-19-11-27-29-300x244.webp 300w, https:\/\/aureliumgermany.com\/wp-content\/uploads\/2026\/02\/PHOTO-2025-10-19-11-27-29-15x12.webp 15w\" sizes=\"(max-width: 750px) 100vw, 750px\"><div class=\"bde-text-560-175 bde-text\">\n\ud83c\udde9\ud83c\uddea \ud83c\uddfa\ud83c\uddf8\ud83c\uddee\ud83c\udde9\n<\/div><div class=\"bde-div-560-176 bde-div\">\n  \n  \n\t\n\n\n\n<h1 class=\"bde-heading-560-177 bde-heading\">\nLia Boesenberg\n<\/h1>\n<\/div><h1 class=\"bde-heading-560-178 bde-heading\">\nPendiri \/ CEO\n<\/h1>\n<\/div>\n<\/div><div class=\"bde-column-560-179 bde-column\">\n  \n  \n\t\n\n\n\n<h4 class=\"bde-heading-560-180 bde-heading\">\nKami juga akan menemukan solusi yang tepat untuk kebutuhan Anda\n<\/h4><div class=\"bde-text-560-181 bde-text\">\nApakah Anda ingin menjadi bagian dari Aurelium Jerman dan secara aktif berkontribusi dalam mengatasi kekurangan tenaga terampil? Hubungi kami untuk obrolan tanpa kewajiban. Kami berharap dapat mengenal Anda.\n<\/div><div class=\"bde-button-560-182 bde-button\">\n    \n                        \n                        \n    \n    \n    \n    \n            \n                    \n            \n                           \n                       \n                 \n\n    \n    \n    \n                    \n    \n    <a class=\"breakdance-link button-atom button-atom--custom bde-button__button\" href=\"#\" target=\"_self\" data-type=\"action\"  data-action='{\"type\":\"popup\",\"popupOptions\":{\"popupId\":\"294\",\"popupAction\":\"open\"}}' >\n\n    \n        <span class=\"button-atom__text\">Tanyakan secara gratis<\/span>\n\n        \n        \n                <\/a>\n\n    \n\n\n<\/div>\n<\/div><\/div><\/div>\n<\/section>","protected":false},"excerpt":{"rendered":"<p>Franchise mit Aurelium Germany Gemeinsam wachsen \u2013 als Franchise-Partner von Aurelium GermanyDer Fachkr\u00e4ftemangel in Deutschland w\u00e4chst stetig \u2013 besonders in Pflege, Handwerk, Gastronomie und Industrie.Aurelium Germany bietet Ihnen die M\u00f6glichkeit, als Franchise-Partner Teil eines zukunftssicheren Gesch\u00e4ftsmodells zu werden und aktiv an der Vermittlung internationaler Fachkr\u00e4fte mitzuwirken.Profitieren Sie von einem erprobten Konzept, klaren Prozessen und einer [&hellip;]<\/p>\n","protected":false},"author":3,"featured_media":0,"parent":0,"menu_order":0,"comment_status":"closed","ping_status":"closed","template":"","meta":{"_breakdance_hide_in_design_set":false,"_breakdance_tags":"","footnotes":""},"class_list":["post-560","page","type-page","status-publish","hentry"],"_links":{"self":[{"href":"https:\/\/aureliumgermany.com\/id\/wp-json\/wp\/v2\/pages\/560","targetHints":{"allow":["GET"]}}],"collection":[{"href":"https:\/\/aureliumgermany.com\/id\/wp-json\/wp\/v2\/pages"}],"about":[{"href":"https:\/\/aureliumgermany.com\/id\/wp-json\/wp\/v2\/types\/page"}],"author":[{"embeddable":true,"href":"https:\/\/aureliumgermany.com\/id\/wp-json\/wp\/v2\/users\/3"}],"replies":[{"embeddable":true,"href":"https:\/\/aureliumgermany.com\/id\/wp-json\/wp\/v2\/comments?post=560"}],"version-history":[{"count":5,"href":"https:\/\/aureliumgermany.com\/id\/wp-json\/wp\/v2\/pages\/560\/revisions"}],"predecessor-version":[{"id":685,"href":"https:\/\/aureliumgermany.com\/id\/wp-json\/wp\/v2\/pages\/560\/revisions\/685"}],"wp:attachment":[{"href":"https:\/\/aureliumgermany.com\/id\/wp-json\/wp\/v2\/media?parent=560"}],"curies":[{"name":"wp","href":"https:\/\/api.w.org\/{rel}","templated":true}]}}