{"id":560,"date":"2026-01-22T14:51:07","date_gmt":"2026-01-22T12:51:07","guid":{"rendered":"https:\/\/aurelium-germany.com\/?page_id=560"},"modified":"2026-02-07T13:50:47","modified_gmt":"2026-02-07T11:50:47","slug":"franchise","status":"publish","type":"page","link":"https:\/\/aureliumgermany.com\/en\/franchise\/","title":{"rendered":"franchise"},"content":{"rendered":"<section class=\"bde-section-560-131 bde-section\">\n  \n  \n\t\n\n\n\n<div class=\"section-container\"><h1 class=\"bde-heading-560-183 bde-heading\">\nFranchise with Aurelium Germany\n<\/h1><\/div>\n<\/section><section class=\"bde-section-560-100 bde-section\">\n  \n  \n\t\n\n\n\n<div class=\"section-container\"><div class=\"bde-div-560-103 bde-div\">\n  \n  \n\t\n\n\n\n<div class=\"bde-rich-text-560-102 bde-rich-text breakdance-rich-text-styles\">\n<h3 data-start=\"367\" data-end=\"437\"><strong data-start=\"371\" data-end=\"437\">Growing together \u2013 as a franchise partner of Aurelium Germany<\/strong><\/h3><p data-start=\"439\" data-end=\"751\" class=\"translation-block\">The shortage of skilled workers in Germany is growing steadily\u2014especially in nursing, skilled trades, gastronomy, and industry.<br data-start=\"\u201c548\u201d\" data-end=\"\u201c551\u201d\"><strong data-start=\"\u201c551\u201d\" data-end=\"\u201c571\u201d\">Aurelium Germany<\/strong> offers you the opportunity to become part of a future-proof business model as a <strong data-start=\"\u2018606\u2019\" data-end=\"\u201c627\u201d\">franchise partner<\/strong> and to play an active role in placing international skilled workers.<\/p><p data-start=\"753\" data-end=\"839\">Benefit from a proven concept, clear processes, and a strong brand.<\/p>\n<\/div>\n<\/div><\/div>\n<\/section><section id=\"branchen\" class=\"bde-section-560-104 bde-section\">\n  \n  \n\t\n\n\n\n<div class=\"section-container\"><div class=\"bde-columns-560-113 bde-columns\"><div class=\"bde-column-560-114 bde-column\">\n  \n  \n\t\n\n\n\n<div class=\"bde-image-560-115 bde-image\">\n<figure class=\"breakdance-image breakdance-image--516\">\n\t<div class=\"breakdance-image-container\">\n\t\t<div class=\"breakdance-image-clip\"><img loading=\"lazy\" decoding=\"async\" class=\"breakdance-image-object\" src=\"https:\/\/aureliumgermany.com\/wp-content\/uploads\/2026\/01\/warum-deutschland.png\" width=\"1536\" height=\"1024\" srcset=\"https:\/\/aureliumgermany.com\/wp-content\/uploads\/2026\/01\/warum-deutschland.png 1536w, https:\/\/aureliumgermany.com\/wp-content\/uploads\/2026\/01\/warum-deutschland-300x200.png 300w, https:\/\/aureliumgermany.com\/wp-content\/uploads\/2026\/01\/warum-deutschland-1024x683.png 1024w, https:\/\/aureliumgermany.com\/wp-content\/uploads\/2026\/01\/warum-deutschland-768x512.png 768w, https:\/\/aureliumgermany.com\/wp-content\/uploads\/2026\/01\/warum-deutschland-18x12.png 18w\" sizes=\"auto, (max-width: 1536px) 100vw, 1536px\"><\/div>\n\t<\/div><\/figure>\n\n<\/div>\n<\/div><div class=\"bde-column-560-116 bde-column\" data-entrance=\"slideRight\">\n  \n  \n\t\n\n\n\n<h2 class=\"bde-heading-560-145 bde-heading\">\nWhy franchise with Aurelium Germany?\n<\/h2><div class=\"bde-icon-list-560-119 bde-icon-list\">\n<ul>\n  \n              \n    <li>\n              <div class='bde-icon-list__item-wrapper'>\n      \n      <span class='bde-icon-list__icon'>\n        <svg xmlns=\"http:\/\/www.w3.org\/2000\/svg\" viewbox=\"0 0 448 512\"><!--! Font Awesome Free 6.5.1 by @fontawesome - https:\/\/fontawesome.com License - https:\/\/fontawesome.com\/license\/free (Icons: CC BY 4.0, Fonts: SIL OFL 1.1, Code: MIT License) Copyright 2023 Fonticons, Inc. --><path d=\"M438.6 105.4c12.5 12.5 12.5 32.8 0 45.3l-256 256c-12.5 12.5-32.8 12.5-45.3 0l-128-128c-12.5-12.5-12.5-32.8 0-45.3s32.8-12.5 45.3 0L160 338.7 393.4 105.4c12.5-12.5 32.8-12.5 45.3 0z\"\/><\/svg>\n      <\/span>\n      <span class='bde-icon-list__text' >\n      Fast-growing market\n      <\/span>\n              <\/div>\n      \n    <\/li>\n\n  \n              \n    <li>\n              <div class='bde-icon-list__item-wrapper'>\n      \n      <span class='bde-icon-list__icon'>\n        <svg xmlns=\"http:\/\/www.w3.org\/2000\/svg\" viewbox=\"0 0 448 512\"><!--! Font Awesome Free 6.5.1 by @fontawesome - https:\/\/fontawesome.com License - https:\/\/fontawesome.com\/license\/free (Icons: CC BY 4.0, Fonts: SIL OFL 1.1, Code: MIT License) Copyright 2023 Fonticons, Inc. --><path d=\"M438.6 105.4c12.5 12.5 12.5 32.8 0 45.3l-256 256c-12.5 12.5-32.8 12.5-45.3 0l-128-128c-12.5-12.5-12.5-32.8 0-45.3s32.8-12.5 45.3 0L160 338.7 393.4 105.4c12.5-12.5 32.8-12.5 45.3 0z\"\/><\/svg>\n      <\/span>\n      <span class='bde-icon-list__text' >\n      Clear demand on the part of employers\n      <\/span>\n              <\/div>\n      \n    <\/li>\n\n  \n              \n    <li>\n              <div class='bde-icon-list__item-wrapper'>\n      \n      <span class='bde-icon-list__icon'>\n        <svg xmlns=\"http:\/\/www.w3.org\/2000\/svg\" viewbox=\"0 0 448 512\"><!--! Font Awesome Free 6.5.1 by @fontawesome - https:\/\/fontawesome.com License - https:\/\/fontawesome.com\/license\/free (Icons: CC BY 4.0, Fonts: SIL OFL 1.1, Code: MIT License) Copyright 2023 Fonticons, Inc. --><path d=\"M438.6 105.4c12.5 12.5 12.5 32.8 0 45.3l-256 256c-12.5 12.5-32.8 12.5-45.3 0l-128-128c-12.5-12.5-12.5-32.8 0-45.3s32.8-12.5 45.3 0L160 338.7 393.4 105.4c12.5-12.5 32.8-12.5 45.3 0z\"\/><\/svg>\n      <\/span>\n      <span class='bde-icon-list__text' >\n      Proven teaching concept\n      <\/span>\n              <\/div>\n      \n    <\/li>\n\n  \n              \n    <li>\n              <div class='bde-icon-list__item-wrapper'>\n      \n      <span class='bde-icon-list__icon'>\n        <svg xmlns=\"http:\/\/www.w3.org\/2000\/svg\" viewbox=\"0 0 448 512\"><!--! Font Awesome Free 6.5.1 by @fontawesome - https:\/\/fontawesome.com License - https:\/\/fontawesome.com\/license\/free (Icons: CC BY 4.0, Fonts: SIL OFL 1.1, Code: MIT License) Copyright 2023 Fonticons, Inc. --><path d=\"M438.6 105.4c12.5 12.5 12.5 32.8 0 45.3l-256 256c-12.5 12.5-32.8 12.5-45.3 0l-128-128c-12.5-12.5-12.5-32.8 0-45.3s32.8-12.5 45.3 0L160 338.7 393.4 105.4c12.5-12.5 32.8-12.5 45.3 0z\"\/><\/svg>\n      <\/span>\n      <span class='bde-icon-list__text' >\n      Central support &amp; expertise\n      <\/span>\n              <\/div>\n      \n    <\/li>\n\n  \n              \n    <li>\n              <div class='bde-icon-list__item-wrapper'>\n      \n      <span class='bde-icon-list__icon'>\n        <svg xmlns=\"http:\/\/www.w3.org\/2000\/svg\" viewbox=\"0 0 448 512\"><!--! Font Awesome Free 6.5.1 by @fontawesome - https:\/\/fontawesome.com License - https:\/\/fontawesome.com\/license\/free (Icons: CC BY 4.0, Fonts: SIL OFL 1.1, Code: MIT License) Copyright 2023 Fonticons, Inc. --><path d=\"M438.6 105.4c12.5 12.5 12.5 32.8 0 45.3l-256 256c-12.5 12.5-32.8 12.5-45.3 0l-128-128c-12.5-12.5-12.5-32.8 0-45.3s32.8-12.5 45.3 0L160 338.7 393.4 105.4c12.5-12.5 32.8-12.5 45.3 0z\"\/><\/svg>\n      <\/span>\n      <span class='bde-icon-list__text' >\n      Fair and transparent cooperation\n      <\/span>\n              <\/div>\n      \n    <\/li>\n\n  \n              \n    <li>\n              <div class='bde-icon-list__item-wrapper'>\n      \n      <span class='bde-icon-list__icon'>\n        <svg xmlns=\"http:\/\/www.w3.org\/2000\/svg\" viewbox=\"0 0 448 512\"><!--! Font Awesome Free 6.5.1 by @fontawesome - https:\/\/fontawesome.com License - https:\/\/fontawesome.com\/license\/free (Icons: CC BY 4.0, Fonts: SIL OFL 1.1, Code: MIT License) Copyright 2023 Fonticons, Inc. --><path d=\"M438.6 105.4c12.5 12.5 12.5 32.8 0 45.3l-256 256c-12.5 12.5-32.8 12.5-45.3 0l-128-128c-12.5-12.5-12.5-32.8 0-45.3s32.8-12.5 45.3 0L160 338.7 393.4 105.4c12.5-12.5 32.8-12.5 45.3 0z\"\/><\/svg>\n      <\/span>\n      <span class='bde-icon-list__text' >\n      Meaningful work with social added value\n      <\/span>\n              <\/div>\n      \n    <\/li>\n\n  <\/ul>\n\n<\/div><div class=\"bde-rich-text-560-130 bde-rich-text breakdance-rich-text-styles\">\n<p class=\"translation-block\">You focus on <strong>acquisition, consulting, and regional support<\/strong>\u2014we provide structure, processes, and support.<\/p>\n<\/div>\n<\/div><\/div><\/div>\n<\/section><section class=\"bde-section-560-132 bde-section\">\n  \n  \n\t\n\n\n\n<div class=\"section-container\"><div class=\"bde-div-560-146 bde-div\">\n  \n  \n\t\n\n\n\n<h2 class=\"bde-heading-560-117 bde-heading\">\nWhat we offer you\n<\/h2>\n<\/div><div class=\"bde-grid-560-133 bde-grid\">\n  \n  \n\t\n\n\n\n<div class=\"bde-div-560-134 bde-div\">\n  \n  \n\t\n\n\n\n<h3 class=\"bde-heading-560-137 bde-heading\">\nA strong foundation\n<\/h3><div class=\"bde-icon-list-560-138 bde-icon-list\">\n<ul>\n  \n              \n    <li>\n              <div class='bde-icon-list__item-wrapper'>\n      \n      <span class='bde-icon-list__icon'>\n        <svg xmlns=\"http:\/\/www.w3.org\/2000\/svg\" viewbox=\"0 0 448 512\"><!--! Font Awesome Free 6.5.1 by @fontawesome - https:\/\/fontawesome.com License - https:\/\/fontawesome.com\/license\/free (Icons: CC BY 4.0, Fonts: SIL OFL 1.1, Code: MIT License) Copyright 2023 Fonticons, Inc. --><path d=\"M438.6 105.4c12.5 12.5 12.5 32.8 0 45.3l-256 256c-12.5 12.5-32.8 12.5-45.3 0l-128-128c-12.5-12.5-12.5-32.8 0-45.3s32.8-12.5 45.3 0L160 338.7 393.4 105.4c12.5-12.5 32.8-12.5 45.3 0z\"\/><\/svg>\n      <\/span>\n      <span class='bde-icon-list__text' >\n      Proven placement model\n      <\/span>\n              <\/div>\n      \n    <\/li>\n\n  \n              \n    <li>\n              <div class='bde-icon-list__item-wrapper'>\n      \n      <span class='bde-icon-list__icon'>\n        <svg xmlns=\"http:\/\/www.w3.org\/2000\/svg\" viewbox=\"0 0 448 512\"><!--! Font Awesome Free 6.5.1 by @fontawesome - https:\/\/fontawesome.com License - https:\/\/fontawesome.com\/license\/free (Icons: CC BY 4.0, Fonts: SIL OFL 1.1, Code: MIT License) Copyright 2023 Fonticons, Inc. --><path d=\"M438.6 105.4c12.5 12.5 12.5 32.8 0 45.3l-256 256c-12.5 12.5-32.8 12.5-45.3 0l-128-128c-12.5-12.5-12.5-32.8 0-45.3s32.8-12.5 45.3 0L160 338.7 393.4 105.4c12.5-12.5 32.8-12.5 45.3 0z\"\/><\/svg>\n      <\/span>\n      <span class='bde-icon-list__text' >\n      Clear processes &amp; standards\n      <\/span>\n              <\/div>\n      \n    <\/li>\n\n  \n              \n    <li>\n              <div class='bde-icon-list__item-wrapper'>\n      \n      <span class='bde-icon-list__icon'>\n        <svg xmlns=\"http:\/\/www.w3.org\/2000\/svg\" viewbox=\"0 0 448 512\"><!--! Font Awesome Free 6.5.1 by @fontawesome - https:\/\/fontawesome.com License - https:\/\/fontawesome.com\/license\/free (Icons: CC BY 4.0, Fonts: SIL OFL 1.1, Code: MIT License) Copyright 2023 Fonticons, Inc. --><path d=\"M438.6 105.4c12.5 12.5 12.5 32.8 0 45.3l-256 256c-12.5 12.5-32.8 12.5-45.3 0l-128-128c-12.5-12.5-12.5-32.8 0-45.3s32.8-12.5 45.3 0L160 338.7 393.4 105.4c12.5-12.5 32.8-12.5 45.3 0z\"\/><\/svg>\n      <\/span>\n      <span class='bde-icon-list__text' >\n      Legally structured processes\n      <\/span>\n              <\/div>\n      \n    <\/li>\n\n  <\/ul>\n\n<\/div>\n<\/div><div class=\"bde-div-560-139 bde-div\">\n  \n  \n\t\n\n\n\n<h3 class=\"bde-heading-560-140 bde-heading\">\nCentral support\n<\/h3><div class=\"bde-icon-list-560-141 bde-icon-list\">\n<ul>\n  \n              \n    <li>\n              <div class='bde-icon-list__item-wrapper'>\n      \n      <span class='bde-icon-list__icon'>\n        <svg xmlns=\"http:\/\/www.w3.org\/2000\/svg\" viewbox=\"0 0 448 512\"><!--! Font Awesome Free 6.5.1 by @fontawesome - https:\/\/fontawesome.com License - https:\/\/fontawesome.com\/license\/free (Icons: CC BY 4.0, Fonts: SIL OFL 1.1, Code: MIT License) Copyright 2023 Fonticons, Inc. --><path d=\"M438.6 105.4c12.5 12.5 12.5 32.8 0 45.3l-256 256c-12.5 12.5-32.8 12.5-45.3 0l-128-128c-12.5-12.5-12.5-32.8 0-45.3s32.8-12.5 45.3 0L160 338.7 393.4 105.4c12.5-12.5 32.8-12.5 45.3 0z\"\/><\/svg>\n      <\/span>\n      <span class='bde-icon-list__text' >\n      Training &amp; Onboarding\n      <\/span>\n              <\/div>\n      \n    <\/li>\n\n  \n              \n    <li>\n              <div class='bde-icon-list__item-wrapper'>\n      \n      <span class='bde-icon-list__icon'>\n        <svg xmlns=\"http:\/\/www.w3.org\/2000\/svg\" viewbox=\"0 0 448 512\"><!--! Font Awesome Free 6.5.1 by @fontawesome - https:\/\/fontawesome.com License - https:\/\/fontawesome.com\/license\/free (Icons: CC BY 4.0, Fonts: SIL OFL 1.1, Code: MIT License) Copyright 2023 Fonticons, Inc. --><path d=\"M438.6 105.4c12.5 12.5 12.5 32.8 0 45.3l-256 256c-12.5 12.5-32.8 12.5-45.3 0l-128-128c-12.5-12.5-12.5-32.8 0-45.3s32.8-12.5 45.3 0L160 338.7 393.4 105.4c12.5-12.5 32.8-12.5 45.3 0z\"\/><\/svg>\n      <\/span>\n      <span class='bde-icon-list__text' >\n      Marketing and sales materials\n      <\/span>\n              <\/div>\n      \n    <\/li>\n\n  \n              \n    <li>\n              <div class='bde-icon-list__item-wrapper'>\n      \n      <span class='bde-icon-list__icon'>\n        <svg xmlns=\"http:\/\/www.w3.org\/2000\/svg\" viewbox=\"0 0 448 512\"><!--! Font Awesome Free 6.5.1 by @fontawesome - https:\/\/fontawesome.com License - https:\/\/fontawesome.com\/license\/free (Icons: CC BY 4.0, Fonts: SIL OFL 1.1, Code: MIT License) Copyright 2023 Fonticons, Inc. --><path d=\"M438.6 105.4c12.5 12.5 12.5 32.8 0 45.3l-256 256c-12.5 12.5-32.8 12.5-45.3 0l-128-128c-12.5-12.5-12.5-32.8 0-45.3s32.8-12.5 45.3 0L160 338.7 393.4 105.4c12.5-12.5 32.8-12.5 45.3 0z\"\/><\/svg>\n      <\/span>\n      <span class='bde-icon-list__text' >\n      Technical support for complex cases\n      <\/span>\n              <\/div>\n      \n    <\/li>\n\n  \n              \n    <li>\n              <div class='bde-icon-list__item-wrapper'>\n      \n      <span class='bde-icon-list__icon'>\n        <svg xmlns=\"http:\/\/www.w3.org\/2000\/svg\" viewbox=\"0 0 448 512\"><!--! Font Awesome Free 6.5.1 by @fontawesome - https:\/\/fontawesome.com License - https:\/\/fontawesome.com\/license\/free (Icons: CC BY 4.0, Fonts: SIL OFL 1.1, Code: MIT License) Copyright 2023 Fonticons, Inc. --><path d=\"M438.6 105.4c12.5 12.5 12.5 32.8 0 45.3l-256 256c-12.5 12.5-32.8 12.5-45.3 0l-128-128c-12.5-12.5-12.5-32.8 0-45.3s32.8-12.5 45.3 0L160 338.7 393.4 105.4c12.5-12.5 32.8-12.5 45.3 0z\"\/><\/svg>\n      <\/span>\n      <span class='bde-icon-list__text' >\n      Central coordination of international processes\n      <\/span>\n              <\/div>\n      \n    <\/li>\n\n  <\/ul>\n\n<\/div>\n<\/div><div class=\"bde-div-560-142 bde-div\">\n  \n  \n\t\n\n\n\n<h3 class=\"bde-heading-560-143 bde-heading\">\nBrand &amp; Trust\n<\/h3><div class=\"bde-icon-list-560-144 bde-icon-list\">\n<ul>\n  \n              \n    <li>\n              <div class='bde-icon-list__item-wrapper'>\n      \n      <span class='bde-icon-list__icon'>\n        <svg xmlns=\"http:\/\/www.w3.org\/2000\/svg\" viewbox=\"0 0 448 512\"><!--! Font Awesome Free 6.5.1 by @fontawesome - https:\/\/fontawesome.com License - https:\/\/fontawesome.com\/license\/free (Icons: CC BY 4.0, Fonts: SIL OFL 1.1, Code: MIT License) Copyright 2023 Fonticons, Inc. --><path d=\"M438.6 105.4c12.5 12.5 12.5 32.8 0 45.3l-256 256c-12.5 12.5-32.8 12.5-45.3 0l-128-128c-12.5-12.5-12.5-32.8 0-45.3s32.8-12.5 45.3 0L160 338.7 393.4 105.4c12.5-12.5 32.8-12.5 45.3 0z\"\/><\/svg>\n      <\/span>\n      <span class='bde-icon-list__text' >\n      Use of the Aurelium Germany brand\n      <\/span>\n              <\/div>\n      \n    <\/li>\n\n  \n              \n    <li>\n              <div class='bde-icon-list__item-wrapper'>\n      \n      <span class='bde-icon-list__icon'>\n        <svg xmlns=\"http:\/\/www.w3.org\/2000\/svg\" viewbox=\"0 0 448 512\"><!--! Font Awesome Free 6.5.1 by @fontawesome - https:\/\/fontawesome.com License - https:\/\/fontawesome.com\/license\/free (Icons: CC BY 4.0, Fonts: SIL OFL 1.1, Code: MIT License) Copyright 2023 Fonticons, Inc. --><path d=\"M438.6 105.4c12.5 12.5 12.5 32.8 0 45.3l-256 256c-12.5 12.5-32.8 12.5-45.3 0l-128-128c-12.5-12.5-12.5-32.8 0-45.3s32.8-12.5 45.3 0L160 338.7 393.4 105.4c12.5-12.5 32.8-12.5 45.3 0z\"\/><\/svg>\n      <\/span>\n      <span class='bde-icon-list__text' >\n      Seriousness towards companies and skilled workers\n      <\/span>\n              <\/div>\n      \n    <\/li>\n\n  <\/ul>\n\n<\/div>\n<\/div>\n<\/div><\/div>\n<\/section><section id=\"sales\" class=\"bde-section-560-165 bde-section\">\n  \n  \n\t\n\n\n\n<div class=\"section-container\"><div class=\"bde-div-560-166 bde-div\">\n  \n  \n\t\n\n\n\n<h2 class=\"bde-heading-560-167 bde-heading\">\nWe are here for you. Personal &amp; non-binding\n<\/h2><div class=\"bde-text-560-168 bde-text\">\nDo you have any questions or are you not sure which offer suits you best? Our team will be happy to advise you - by e-mail or telephone. Contact us now!\n<\/div>\n<\/div><h2 class=\"bde-heading-560-169 bde-heading\">\nBecome a franchise partner now\n<\/h2><p class=\"bde-text-560-170 bde-text\">\n\n<\/p><div class=\"bde-columns-560-171 bde-columns\"><div class=\"bde-column-560-172 bde-column\">\n  \n  \n\t\n\n\n\n<div class=\"bde-div-560-173 bde-div\" data-entrance=\"slideLeft\">\n  \n  \n\t\n\n\n\n<img decoding=\"async\" class=\"bde-image2-560-184 bde-image2\" src=\"https:\/\/aureliumgermany.com\/wp-content\/uploads\/2026\/02\/PHOTO-2025-10-19-11-27-29.webp\" loading=\"lazy\" srcset=\"https:\/\/aureliumgermany.com\/wp-content\/uploads\/2026\/02\/PHOTO-2025-10-19-11-27-29.webp 750w, https:\/\/aureliumgermany.com\/wp-content\/uploads\/2026\/02\/PHOTO-2025-10-19-11-27-29-300x244.webp 300w, https:\/\/aureliumgermany.com\/wp-content\/uploads\/2026\/02\/PHOTO-2025-10-19-11-27-29-15x12.webp 15w\" sizes=\"(max-width: 750px) 100vw, 750px\"><div class=\"bde-text-560-175 bde-text\">\n\ud83c\udde9\ud83c\uddea \ud83c\uddfa\ud83c\uddf8\ud83c\uddee\ud83c\udde9\n<\/div><div class=\"bde-div-560-176 bde-div\">\n  \n  \n\t\n\n\n\n<h1 class=\"bde-heading-560-177 bde-heading\">\nLia Boesenberg\n<\/h1>\n<\/div><h1 class=\"bde-heading-560-178 bde-heading\">\nFounder \/ CEO\n<\/h1>\n<\/div>\n<\/div><div class=\"bde-column-560-179 bde-column\">\n  \n  \n\t\n\n\n\n<h4 class=\"bde-heading-560-180 bde-heading\">\nWe will also find the right solution for your needs\n<\/h4><div class=\"bde-text-560-181 bde-text\">\nWould you like to become part of Aurelium Germany and actively contribute to solving the shortage of skilled workers? Contact us for a no-obligation consultation. We look forward to getting to know you.\n<\/div><div class=\"bde-button-560-182 bde-button\">\n    \n                        \n                        \n    \n    \n    \n    \n            \n                    \n            \n                           \n                       \n                 \n\n    \n    \n    \n                    \n    \n    <a class=\"breakdance-link button-atom button-atom--custom bde-button__button\" href=\"#\" target=\"_self\" data-type=\"action\"  data-action='{\"type\":\"popup\",\"popupOptions\":{\"popupId\":\"294\",\"popupAction\":\"open\"}}' >\n\n    \n        <span class=\"button-atom__text\">Contact<\/span>\n\n        \n        \n                <\/a>\n\n    \n\n\n<\/div>\n<\/div><\/div><\/div>\n<\/section>","protected":false},"excerpt":{"rendered":"<p>Franchise mit Aurelium Germany Gemeinsam wachsen \u2013 als Franchise-Partner von Aurelium GermanyDer Fachkr\u00e4ftemangel in Deutschland w\u00e4chst stetig \u2013 besonders in Pflege, Handwerk, Gastronomie und Industrie.Aurelium Germany bietet Ihnen die M\u00f6glichkeit, als Franchise-Partner Teil eines zukunftssicheren Gesch\u00e4ftsmodells zu werden und aktiv an der Vermittlung internationaler Fachkr\u00e4fte mitzuwirken.Profitieren Sie von einem erprobten Konzept, klaren Prozessen und einer [&hellip;]<\/p>\n","protected":false},"author":3,"featured_media":0,"parent":0,"menu_order":0,"comment_status":"closed","ping_status":"closed","template":"","meta":{"_breakdance_hide_in_design_set":false,"_breakdance_tags":"","footnotes":""},"class_list":["post-560","page","type-page","status-publish","hentry"],"_links":{"self":[{"href":"https:\/\/aureliumgermany.com\/en\/wp-json\/wp\/v2\/pages\/560","targetHints":{"allow":["GET"]}}],"collection":[{"href":"https:\/\/aureliumgermany.com\/en\/wp-json\/wp\/v2\/pages"}],"about":[{"href":"https:\/\/aureliumgermany.com\/en\/wp-json\/wp\/v2\/types\/page"}],"author":[{"embeddable":true,"href":"https:\/\/aureliumgermany.com\/en\/wp-json\/wp\/v2\/users\/3"}],"replies":[{"embeddable":true,"href":"https:\/\/aureliumgermany.com\/en\/wp-json\/wp\/v2\/comments?post=560"}],"version-history":[{"count":5,"href":"https:\/\/aureliumgermany.com\/en\/wp-json\/wp\/v2\/pages\/560\/revisions"}],"predecessor-version":[{"id":685,"href":"https:\/\/aureliumgermany.com\/en\/wp-json\/wp\/v2\/pages\/560\/revisions\/685"}],"wp:attachment":[{"href":"https:\/\/aureliumgermany.com\/en\/wp-json\/wp\/v2\/media?parent=560"}],"curies":[{"name":"wp","href":"https:\/\/api.w.org\/{rel}","templated":true}]}}